{"id":1341,"date":"2023-12-04T19:14:57","date_gmt":"2023-12-04T18:14:57","guid":{"rendered":"https:\/\/greenmyvoyage.com\/?page_id=1341"},"modified":"2024-04-19T17:37:50","modified_gmt":"2024-04-19T15:37:50","slug":"politique-de-confidentialite","status":"publish","type":"page","link":"https:\/\/greenmyvoyage.com\/es\/politique-de-confidentialite\/","title":{"rendered":"Politique de confidentialit\u00e9"},"content":{"rendered":"<div data-elementor-type=\"wp-page\" data-elementor-id=\"1341\" class=\"elementor elementor-1341\">\n\t\t\t\t<div class=\"elementor-element elementor-element-a6ba969 e-flex e-con-boxed wpr-particle-no wpr-jarallax-no wpr-parallax-no wpr-sticky-section-no e-con e-parent\" data-id=\"a6ba969\" data-element_type=\"container\" data-e-type=\"container\">\n\t\t\t\t\t<div class=\"e-con-inner\">\n\t\t\t\t<div class=\"elementor-element elementor-element-403f640 elementor-widget elementor-widget-html\" data-id=\"403f640\" data-element_type=\"widget\" data-e-type=\"widget\" data-widget_type=\"html.default\">\n\t\t\t\t<div class=\"elementor-widget-container\">\n\t\t\t\t\t   <style>\r\n       h1{\r\n           \r\n               font-weight:400;\r\n       }\r\n       h2 {\r\n           font-size:25px !important;\r\n           color: var(--e-global-color-accent);\r\n           font-weight:400;\r\n       }\r\n       h3 {\r\n           font-size:20px;\r\n           padding-left:25px;\r\n           font-weight:400;\r\n       }\r\n       p {\r\n           padding-left:50px;\r\n       }\r\n   <\/style>\r\n    <header>\r\n        <h1>Politique de Confidentialit\u00e9<\/h1>\r\n        <p>Derni\u00e8re mise \u00e0 jour : 19\/04\/2024<\/p>\r\n    <\/header>\r\n    <section>\r\n    <h2>Article 1: Identit\u00e9 et coordonn\u00e9es de l\u2019entreprise<\/h2>\r\n    <p>\r\n        SARL Green my Voyage\r\n        <br>\r\n        SIRET : 927 600 460 00012\r\n        <br>\r\n        Si\u00e8ge social : 42 ter avenue du 8 mai 1945, 34660 Cournonterral, France\r\n    <\/p>\r\n<\/section>\r\n\r\n<section>\r\n    <h2>Article 2: Traitement des donn\u00e9es<\/h2>\r\n    <p>\r\n        Les demandes de rendez-vous client ou informations passent par les formulaires de contact du site internet. Ces formulaires traitent les uniques donn\u00e9es suivantes, nom et pr\u00e9nom, soci\u00e9t\u00e9, adresse postal, t\u00e9l\u00e9phone, adresse email et message. Tout formulaire valid\u00e9 est automatiquement transmis \u00e0 l\u2019adresse email de Green my Voyage.\r\n        <br>\r\n        Les donn\u00e9es trait\u00e9es via les formulaires sont strictement confidentielles et permettent \u00e0 la soci\u00e9t\u00e9, la gestion de la relation du suivi client.\r\n        <br>\r\n        Il est possible que les donn\u00e9es soient utilis\u00e9es afin de permettre \u00e0 la soci\u00e9t\u00e9 l\u2019envoi d\u2019une newsletter, celle-ci sera \u00e9quip\u00e9e d\u2019un lien de d\u00e9sinscription lisible et fonctionnel.\r\n        <br>\r\n        Les informations clients peuvent \u00eatre stock\u00e9es de mani\u00e8re num\u00e9rique et\/ou sous format papier.\r\n    <\/p>\r\n<\/section>\r\n\r\n<section>\r\n    <h2>Article 3: Base l\u00e9gale de traitement<\/h2>\r\n    <p>\r\n        La base l\u00e9gale du traitement des donn\u00e9es personnelles est repr\u00e9sent\u00e9e par une case \u00e0 cocher sur formulaire de contact \u00ab J\u2019accepte la politique de protection des donn\u00e9es personnelles RGPD\u00bb.\r\n    <\/p>\r\n<\/section>\r\n\r\n<section>\r\n    <h2>Article 4: Origine de la collecte de donn\u00e9es (directes \u2013 indirectes)<\/h2>\r\n    <p>\r\n        Les donn\u00e9es sur le site internet sont collect\u00e9es de mani\u00e8re directe depuis les formulaires de prise de rendez ou contact et m\u00eame via des envois d\u2019email en direct et prise de contact par t\u00e9l\u00e9phone. En aucun cas, les donn\u00e9es pr\u00e9sentes, sont collect\u00e9es aupr\u00e8s de tiers.\r\n    <\/p>\r\n<\/section>\r\n\r\n<section>\r\n    <h2>Article 5: Transmission des donn\u00e9es<\/h2>\r\n    <p>\r\n        Les donn\u00e9es en la possession de la SARL Green my Voyage ne seront en aucun cas transmises \u00e0 des tiers.\r\n    <\/p>\r\n<\/section>\r\n\r\n<section>\r\n    <h2>Article 6: Transfert \u00e9ventuel des donn\u00e9es hors Union Europ\u00e9enne ou sous traitant<\/h2>\r\n    <p>\r\n        Aucune des donn\u00e9es ne sera transf\u00e9r\u00e9e hors de l\u2019Union Europ\u00e9enne.\r\n    <\/p>\r\n<\/section>\r\n\r\n<section>\r\n    <h2>Article 7: Conservation des donn\u00e9es<\/h2>\r\n    <p>\r\n        La SARL Green my Voyage conserve les donn\u00e9es clients et utilisateurs pour une dur\u00e9e de 5 ans apr\u00e8s le dernier \u00e9change. Le client \/ utilisateur peut \u00e0 sa demande, demander \u00e0 rectifier, modifier supprimer ses donn\u00e9es.\r\n    <\/p>\r\n<\/section>\r\n\r\n<section>\r\n    <h2>Article 8: Droits du client sur ses donn\u00e9es<\/h2>\r\n    <p>\r\n        Le client peut \u00e0 tout moment demander \u00e0 rectifier, modifier et supprimer ses donn\u00e9es. Concernant les envois \u00e9ventuels de newsletter celui-ci pourra alors se d\u00e9sinscrire via un lien de d\u00e9sinscription pr\u00e9sent dans la newsletter ou alors en faire la demande \u00e0 la SARL Green my Voyage.\r\n    <\/p>\r\n<\/section>\r\n\r\n<section>\r\n    <h2>Article 9: D\u00e9cision automatis\u00e9e<\/h2>\r\n    <p>\r\n        Il n\u2019y a pas d\u2019automatisation compl\u00e8te des d\u00e9cisions sur le site web ou les activit\u00e9s de la SARL Green my Voyage ce qui veut dire que le client n\u2019est en aucun cas priv\u00e9 de ses droits.\r\n    <\/p>\r\n<\/section>\r\n\r\n<section>\r\n    <h2>Article 10: Droits des clients<\/h2>\r\n    <p>\r\n        En ce qui concerne leurs donn\u00e9es personnelles, les clients ont le droit d\u2019\u00eatre inform\u00e9, ont un droit d\u2019acc\u00e8s, de rectification, d\u2019opposition, d\u2019effacement, ils disposent \u00e9galement d\u2019un droit \u00e0 la portabilit\u00e9.\r\n    <\/p>\r\n<\/section>\r\n\r\n<section>\r\n    <h2>Article 11: S\u00e9curit\u00e9 des donn\u00e9es<\/h2>\r\n    <p>\r\n        Les \u00e9changes et donn\u00e9es sont crypt\u00e9s gr\u00e2ce \u00e0 l\u2019utilisation d\u2019un certificat de s\u00e9curit\u00e9 SSL pr\u00e9sent sur le site internet.\r\n    <\/p>\r\n<\/section>\r\n\t\t\t\t<\/div>\n\t\t\t\t<\/div>\n\t\t\t\t\t<\/div>\n\t\t\t\t<\/div>\n\t\t\t\t<\/div>","protected":false},"excerpt":{"rendered":"<p>Politique de Confidentialit\u00e9 Derni\u00e8re mise \u00e0 jour : 19\/04\/2024 Article 1: Identit\u00e9 et coordonn\u00e9es de l\u2019entreprise SARL Green my Voyage SIRET : 927 600 460 00012 Si\u00e8ge social : 42 ter avenue du 8 mai 1945, 34660 Cournonterral, France Article 2: Traitement des donn\u00e9es Les demandes de rendez-vous client ou informations passent par les formulaires de contact du site internet. Ces formulaires traitent les uniques donn\u00e9es suivantes, nom et pr\u00e9nom, soci\u00e9t\u00e9, adresse postal, t\u00e9l\u00e9phone, adresse email et message. Tout formulaire valid\u00e9 est automatiquement transmis \u00e0 l\u2019adresse email de Green my Voyage. Les donn\u00e9es trait\u00e9es via les formulaires sont strictement confidentielles et permettent \u00e0 la soci\u00e9t\u00e9, la gestion de la relation du suivi client. Il est possible que les donn\u00e9es soient utilis\u00e9es afin de permettre \u00e0 la soci\u00e9t\u00e9 l\u2019envoi d\u2019une newsletter, celle-ci sera \u00e9quip\u00e9e d\u2019un lien de d\u00e9sinscription lisible et fonctionnel. Les informations clients peuvent \u00eatre stock\u00e9es de mani\u00e8re num\u00e9rique et\/ou sous format papier. Article 3: Base l\u00e9gale de traitement La base l\u00e9gale du traitement des donn\u00e9es personnelles est repr\u00e9sent\u00e9e par une case \u00e0 cocher sur formulaire de contact \u00ab J\u2019accepte la politique de protection des donn\u00e9es personnelles RGPD\u00bb. Article 4: Origine de la collecte de donn\u00e9es (directes \u2013 indirectes) Les donn\u00e9es sur le site internet sont collect\u00e9es de mani\u00e8re directe depuis les formulaires de prise de rendez ou contact et m\u00eame via des envois d\u2019email en direct et prise de contact par t\u00e9l\u00e9phone. En aucun cas, les donn\u00e9es pr\u00e9sentes, sont collect\u00e9es aupr\u00e8s de tiers. Article 5: Transmission des donn\u00e9es Les donn\u00e9es en la possession de la SARL Green my Voyage ne seront en aucun cas transmises \u00e0 des tiers. Article 6: Transfert \u00e9ventuel des donn\u00e9es hors Union Europ\u00e9enne ou sous traitant Aucune des donn\u00e9es ne sera transf\u00e9r\u00e9e hors de l\u2019Union Europ\u00e9enne. Article 7: Conservation des donn\u00e9es La SARL Green my Voyage conserve les donn\u00e9es clients et utilisateurs pour une dur\u00e9e de 5 ans apr\u00e8s le dernier \u00e9change. Le client \/ utilisateur peut \u00e0 sa demande, demander \u00e0 rectifier, modifier supprimer ses donn\u00e9es. Article 8: Droits du client sur ses donn\u00e9es Le client peut \u00e0 tout moment demander \u00e0 rectifier, modifier et supprimer ses donn\u00e9es. Concernant les envois \u00e9ventuels de newsletter celui-ci pourra alors se d\u00e9sinscrire via un lien de d\u00e9sinscription pr\u00e9sent dans la newsletter ou alors en faire la demande \u00e0 la SARL Green my Voyage. Article 9: D\u00e9cision automatis\u00e9e Il n\u2019y a pas d\u2019automatisation compl\u00e8te des d\u00e9cisions sur le site web ou les activit\u00e9s de la SARL Green my Voyage ce qui veut dire que le client n\u2019est en aucun cas priv\u00e9 de ses droits. Article 10: Droits des clients En ce qui concerne leurs donn\u00e9es personnelles, les clients ont le droit d\u2019\u00eatre inform\u00e9, ont un droit d\u2019acc\u00e8s, de rectification, d\u2019opposition, d\u2019effacement, ils disposent \u00e9galement d\u2019un droit \u00e0 la portabilit\u00e9. Article 11: S\u00e9curit\u00e9 des donn\u00e9es Les \u00e9changes et donn\u00e9es sont crypt\u00e9s gr\u00e2ce \u00e0 l\u2019utilisation d\u2019un certificat de s\u00e9curit\u00e9 SSL pr\u00e9sent sur le site internet.<\/p>","protected":false},"author":1,"featured_media":0,"parent":0,"menu_order":0,"comment_status":"closed","ping_status":"closed","template":"elementor_header_footer","meta":{"footnotes":""},"class_list":["post-1341","page","type-page","status-publish","hentry"],"yoast_head":"<!-- This site is optimized with the Yoast SEO plugin v27.1.1 - https:\/\/yoast.com\/product\/yoast-seo-wordpress\/ -->\n<title>Politique de confidentialit\u00e9 - Agence \u00c9v\u00e9nementielle \u00e0 Montpellier | S\u00e9minaires Entreprises | Green my Voyage<\/title>\n<meta name=\"robots\" content=\"noindex, nofollow\" \/>\n<meta property=\"og:locale\" content=\"es_ES\" \/>\n<meta property=\"og:type\" content=\"article\" \/>\n<meta property=\"og:title\" content=\"Politique de confidentialit\u00e9 - Agence \u00c9v\u00e9nementielle \u00e0 Montpellier | S\u00e9minaires Entreprises | Green my Voyage\" \/>\n<meta property=\"og:description\" content=\"Politique de Confidentialit\u00e9 Derni\u00e8re mise \u00e0 jour : 19\/04\/2024 Article 1: Identit\u00e9 et coordonn\u00e9es de l\u2019entreprise SARL Green my Voyage SIRET : 927 600 460 00012 Si\u00e8ge social : 42 ter avenue du 8 mai 1945, 34660 Cournonterral, France Article 2: Traitement des donn\u00e9es Les demandes de rendez-vous client ou informations passent par les formulaires de contact du site internet. Ces formulaires traitent les uniques donn\u00e9es suivantes, nom et pr\u00e9nom, soci\u00e9t\u00e9, adresse postal, t\u00e9l\u00e9phone, adresse email et message. Tout formulaire valid\u00e9 est automatiquement transmis \u00e0 l\u2019adresse email de Green my Voyage. Les donn\u00e9es trait\u00e9es via les formulaires sont strictement confidentielles et permettent \u00e0 la soci\u00e9t\u00e9, la gestion de la relation du suivi client. Il est possible que les donn\u00e9es soient utilis\u00e9es afin de permettre \u00e0 la soci\u00e9t\u00e9 l\u2019envoi d\u2019une newsletter, celle-ci sera \u00e9quip\u00e9e d\u2019un lien de d\u00e9sinscription lisible et fonctionnel. Les informations clients peuvent \u00eatre stock\u00e9es de mani\u00e8re num\u00e9rique et\/ou sous format papier. Article 3: Base l\u00e9gale de traitement La base l\u00e9gale du traitement des donn\u00e9es personnelles est repr\u00e9sent\u00e9e par une case \u00e0 cocher sur formulaire de contact \u00ab J\u2019accepte la politique de protection des donn\u00e9es personnelles RGPD\u00bb. Article 4: Origine de la collecte de donn\u00e9es (directes \u2013 indirectes) Les donn\u00e9es sur le site internet sont collect\u00e9es de mani\u00e8re directe depuis les formulaires de prise de rendez ou contact et m\u00eame via des envois d\u2019email en direct et prise de contact par t\u00e9l\u00e9phone. En aucun cas, les donn\u00e9es pr\u00e9sentes, sont collect\u00e9es aupr\u00e8s de tiers. Article 5: Transmission des donn\u00e9es Les donn\u00e9es en la possession de la SARL Green my Voyage ne seront en aucun cas transmises \u00e0 des tiers. Article 6: Transfert \u00e9ventuel des donn\u00e9es hors Union Europ\u00e9enne ou sous traitant Aucune des donn\u00e9es ne sera transf\u00e9r\u00e9e hors de l\u2019Union Europ\u00e9enne. Article 7: Conservation des donn\u00e9es La SARL Green my Voyage conserve les donn\u00e9es clients et utilisateurs pour une dur\u00e9e de 5 ans apr\u00e8s le dernier \u00e9change. Le client \/ utilisateur peut \u00e0 sa demande, demander \u00e0 rectifier, modifier supprimer ses donn\u00e9es. Article 8: Droits du client sur ses donn\u00e9es Le client peut \u00e0 tout moment demander \u00e0 rectifier, modifier et supprimer ses donn\u00e9es. Concernant les envois \u00e9ventuels de newsletter celui-ci pourra alors se d\u00e9sinscrire via un lien de d\u00e9sinscription pr\u00e9sent dans la newsletter ou alors en faire la demande \u00e0 la SARL Green my Voyage. Article 9: D\u00e9cision automatis\u00e9e Il n\u2019y a pas d\u2019automatisation compl\u00e8te des d\u00e9cisions sur le site web ou les activit\u00e9s de la SARL Green my Voyage ce qui veut dire que le client n\u2019est en aucun cas priv\u00e9 de ses droits. Article 10: Droits des clients En ce qui concerne leurs donn\u00e9es personnelles, les clients ont le droit d\u2019\u00eatre inform\u00e9, ont un droit d\u2019acc\u00e8s, de rectification, d\u2019opposition, d\u2019effacement, ils disposent \u00e9galement d\u2019un droit \u00e0 la portabilit\u00e9. Article 11: S\u00e9curit\u00e9 des donn\u00e9es Les \u00e9changes et donn\u00e9es sont crypt\u00e9s gr\u00e2ce \u00e0 l\u2019utilisation d\u2019un certificat de s\u00e9curit\u00e9 SSL pr\u00e9sent sur le site internet.\" \/>\n<meta property=\"og:url\" content=\"https:\/\/greenmyvoyage.com\/es\/politique-de-confidentialite\/\" \/>\n<meta property=\"og:site_name\" content=\"Agence \u00c9v\u00e9nementielle \u00e0 Montpellier | S\u00e9minaires Entreprises | Green my Voyage\" \/>\n<meta property=\"article:modified_time\" content=\"2024-04-19T15:37:50+00:00\" \/>\n<meta name=\"twitter:card\" content=\"summary_large_image\" \/>\n<meta name=\"twitter:label1\" content=\"Tiempo de lectura\" \/>\n\t<meta name=\"twitter:data1\" content=\"3 minutos\" \/>\n<script type=\"application\/ld+json\" class=\"yoast-schema-graph\">{\"@context\":\"https:\/\/schema.org\",\"@graph\":[{\"@type\":\"WebPage\",\"@id\":\"https:\/\/greenmyvoyage.com\/politique-de-confidentialite\/\",\"url\":\"https:\/\/greenmyvoyage.com\/politique-de-confidentialite\/\",\"name\":\"Politique de confidentialit\u00e9 - Agence \u00c9v\u00e9nementielle \u00e0 Montpellier | S\u00e9minaires Entreprises | Green my Voyage\",\"isPartOf\":{\"@id\":\"https:\/\/greenmyvoyage.com\/#website\"},\"datePublished\":\"2023-12-04T18:14:57+00:00\",\"dateModified\":\"2024-04-19T15:37:50+00:00\",\"breadcrumb\":{\"@id\":\"https:\/\/greenmyvoyage.com\/politique-de-confidentialite\/#breadcrumb\"},\"inLanguage\":\"es\",\"potentialAction\":[{\"@type\":\"ReadAction\",\"target\":[\"https:\/\/greenmyvoyage.com\/politique-de-confidentialite\/\"]}]},{\"@type\":\"BreadcrumbList\",\"@id\":\"https:\/\/greenmyvoyage.com\/politique-de-confidentialite\/#breadcrumb\",\"itemListElement\":[{\"@type\":\"ListItem\",\"position\":1,\"name\":\"Accueil\",\"item\":\"https:\/\/greenmyvoyage.com\/\"},{\"@type\":\"ListItem\",\"position\":2,\"name\":\"Politique de confidentialit\u00e9\"}]},{\"@type\":\"WebSite\",\"@id\":\"https:\/\/greenmyvoyage.com\/#website\",\"url\":\"https:\/\/greenmyvoyage.com\/\",\"name\":\"Agence \u00c9v\u00e9nementielle \u00e0 Montpellier | S\u00e9minaires Entreprises | Green my Voyage\",\"description\":\"Green my Voyage | Agence \u00e9v\u00e8nementielle \u00e9co-responsable \u00e0 Montpellier. Nous organisons vos \u00e9v\u00e8nements, s\u00e9minaires, r\u00e9unions et team building\",\"publisher\":{\"@id\":\"https:\/\/greenmyvoyage.com\/#organization\"},\"potentialAction\":[{\"@type\":\"SearchAction\",\"target\":{\"@type\":\"EntryPoint\",\"urlTemplate\":\"https:\/\/greenmyvoyage.com\/?s={search_term_string}\"},\"query-input\":{\"@type\":\"PropertyValueSpecification\",\"valueRequired\":true,\"valueName\":\"search_term_string\"}}],\"inLanguage\":\"es\"},{\"@type\":\"Organization\",\"@id\":\"https:\/\/greenmyvoyage.com\/#organization\",\"name\":\"Agence \u00c9v\u00e9nementielle \u00e0 Montpellier | S\u00e9minaires Entreprises | Green my Voyage\",\"url\":\"https:\/\/greenmyvoyage.com\/\",\"logo\":{\"@type\":\"ImageObject\",\"inLanguage\":\"es\",\"@id\":\"https:\/\/greenmyvoyage.com\/#\/schema\/logo\/image\/\",\"url\":\"https:\/\/greenmyvoyage.com\/wp-content\/uploads\/2023\/10\/Logo-seul-fond-clair-avec-ombre-portee.png\",\"contentUrl\":\"https:\/\/greenmyvoyage.com\/wp-content\/uploads\/2023\/10\/Logo-seul-fond-clair-avec-ombre-portee.png\",\"width\":710,\"height\":710,\"caption\":\"Agence \u00c9v\u00e9nementielle \u00e0 Montpellier | S\u00e9minaires Entreprises | Green my Voyage\"},\"image\":{\"@id\":\"https:\/\/greenmyvoyage.com\/#\/schema\/logo\/image\/\"}}]}<\/script>\n<!-- \/ Yoast SEO plugin. -->","yoast_head_json":{"title":"Politique de confidentialit\u00e9 - Agence \u00c9v\u00e9nementielle \u00e0 Montpellier | S\u00e9minaires Entreprises | Green my Voyage","robots":{"index":"noindex","follow":"nofollow"},"og_locale":"es_ES","og_type":"article","og_title":"Politique de confidentialit\u00e9 - Agence \u00c9v\u00e9nementielle \u00e0 Montpellier | S\u00e9minaires Entreprises | Green my Voyage","og_description":"Politique de Confidentialit\u00e9 Derni\u00e8re mise \u00e0 jour : 19\/04\/2024 Article 1: Identit\u00e9 et coordonn\u00e9es de l\u2019entreprise SARL Green my Voyage SIRET : 927 600 460 00012 Si\u00e8ge social : 42 ter avenue du 8 mai 1945, 34660 Cournonterral, France Article 2: Traitement des donn\u00e9es Les demandes de rendez-vous client ou informations passent par les formulaires de contact du site internet. Ces formulaires traitent les uniques donn\u00e9es suivantes, nom et pr\u00e9nom, soci\u00e9t\u00e9, adresse postal, t\u00e9l\u00e9phone, adresse email et message. Tout formulaire valid\u00e9 est automatiquement transmis \u00e0 l\u2019adresse email de Green my Voyage. Les donn\u00e9es trait\u00e9es via les formulaires sont strictement confidentielles et permettent \u00e0 la soci\u00e9t\u00e9, la gestion de la relation du suivi client. Il est possible que les donn\u00e9es soient utilis\u00e9es afin de permettre \u00e0 la soci\u00e9t\u00e9 l\u2019envoi d\u2019une newsletter, celle-ci sera \u00e9quip\u00e9e d\u2019un lien de d\u00e9sinscription lisible et fonctionnel. Les informations clients peuvent \u00eatre stock\u00e9es de mani\u00e8re num\u00e9rique et\/ou sous format papier. Article 3: Base l\u00e9gale de traitement La base l\u00e9gale du traitement des donn\u00e9es personnelles est repr\u00e9sent\u00e9e par une case \u00e0 cocher sur formulaire de contact \u00ab J\u2019accepte la politique de protection des donn\u00e9es personnelles RGPD\u00bb. Article 4: Origine de la collecte de donn\u00e9es (directes \u2013 indirectes) Les donn\u00e9es sur le site internet sont collect\u00e9es de mani\u00e8re directe depuis les formulaires de prise de rendez ou contact et m\u00eame via des envois d\u2019email en direct et prise de contact par t\u00e9l\u00e9phone. En aucun cas, les donn\u00e9es pr\u00e9sentes, sont collect\u00e9es aupr\u00e8s de tiers. Article 5: Transmission des donn\u00e9es Les donn\u00e9es en la possession de la SARL Green my Voyage ne seront en aucun cas transmises \u00e0 des tiers. Article 6: Transfert \u00e9ventuel des donn\u00e9es hors Union Europ\u00e9enne ou sous traitant Aucune des donn\u00e9es ne sera transf\u00e9r\u00e9e hors de l\u2019Union Europ\u00e9enne. Article 7: Conservation des donn\u00e9es La SARL Green my Voyage conserve les donn\u00e9es clients et utilisateurs pour une dur\u00e9e de 5 ans apr\u00e8s le dernier \u00e9change. Le client \/ utilisateur peut \u00e0 sa demande, demander \u00e0 rectifier, modifier supprimer ses donn\u00e9es. Article 8: Droits du client sur ses donn\u00e9es Le client peut \u00e0 tout moment demander \u00e0 rectifier, modifier et supprimer ses donn\u00e9es. Concernant les envois \u00e9ventuels de newsletter celui-ci pourra alors se d\u00e9sinscrire via un lien de d\u00e9sinscription pr\u00e9sent dans la newsletter ou alors en faire la demande \u00e0 la SARL Green my Voyage. Article 9: D\u00e9cision automatis\u00e9e Il n\u2019y a pas d\u2019automatisation compl\u00e8te des d\u00e9cisions sur le site web ou les activit\u00e9s de la SARL Green my Voyage ce qui veut dire que le client n\u2019est en aucun cas priv\u00e9 de ses droits. Article 10: Droits des clients En ce qui concerne leurs donn\u00e9es personnelles, les clients ont le droit d\u2019\u00eatre inform\u00e9, ont un droit d\u2019acc\u00e8s, de rectification, d\u2019opposition, d\u2019effacement, ils disposent \u00e9galement d\u2019un droit \u00e0 la portabilit\u00e9. Article 11: S\u00e9curit\u00e9 des donn\u00e9es Les \u00e9changes et donn\u00e9es sont crypt\u00e9s gr\u00e2ce \u00e0 l\u2019utilisation d\u2019un certificat de s\u00e9curit\u00e9 SSL pr\u00e9sent sur le site internet.","og_url":"https:\/\/greenmyvoyage.com\/es\/politique-de-confidentialite\/","og_site_name":"Agence \u00c9v\u00e9nementielle \u00e0 Montpellier | S\u00e9minaires Entreprises | Green my Voyage","article_modified_time":"2024-04-19T15:37:50+00:00","twitter_card":"summary_large_image","twitter_misc":{"Tiempo de lectura":"3 minutos"},"schema":{"@context":"https:\/\/schema.org","@graph":[{"@type":"WebPage","@id":"https:\/\/greenmyvoyage.com\/politique-de-confidentialite\/","url":"https:\/\/greenmyvoyage.com\/politique-de-confidentialite\/","name":"Politique de confidentialit\u00e9 - Agence \u00c9v\u00e9nementielle \u00e0 Montpellier | S\u00e9minaires Entreprises | Green my Voyage","isPartOf":{"@id":"https:\/\/greenmyvoyage.com\/#website"},"datePublished":"2023-12-04T18:14:57+00:00","dateModified":"2024-04-19T15:37:50+00:00","breadcrumb":{"@id":"https:\/\/greenmyvoyage.com\/politique-de-confidentialite\/#breadcrumb"},"inLanguage":"es","potentialAction":[{"@type":"ReadAction","target":["https:\/\/greenmyvoyage.com\/politique-de-confidentialite\/"]}]},{"@type":"BreadcrumbList","@id":"https:\/\/greenmyvoyage.com\/politique-de-confidentialite\/#breadcrumb","itemListElement":[{"@type":"ListItem","position":1,"name":"Accueil","item":"https:\/\/greenmyvoyage.com\/"},{"@type":"ListItem","position":2,"name":"Politique de confidentialit\u00e9"}]},{"@type":"WebSite","@id":"https:\/\/greenmyvoyage.com\/#website","url":"https:\/\/greenmyvoyage.com\/","name":"Agence \u00c9v\u00e9nementielle \u00e0 Montpellier | S\u00e9minaires Entreprises | Green my Voyage","description":"Green my Voyage | Agence \u00e9v\u00e8nementielle \u00e9co-responsable \u00e0 Montpellier. Nous organisons vos \u00e9v\u00e8nements, s\u00e9minaires, r\u00e9unions et team building","publisher":{"@id":"https:\/\/greenmyvoyage.com\/#organization"},"potentialAction":[{"@type":"SearchAction","target":{"@type":"EntryPoint","urlTemplate":"https:\/\/greenmyvoyage.com\/?s={search_term_string}"},"query-input":{"@type":"PropertyValueSpecification","valueRequired":true,"valueName":"search_term_string"}}],"inLanguage":"es"},{"@type":"Organization","@id":"https:\/\/greenmyvoyage.com\/#organization","name":"Agence \u00c9v\u00e9nementielle \u00e0 Montpellier | S\u00e9minaires Entreprises | Green my Voyage","url":"https:\/\/greenmyvoyage.com\/","logo":{"@type":"ImageObject","inLanguage":"es","@id":"https:\/\/greenmyvoyage.com\/#\/schema\/logo\/image\/","url":"https:\/\/greenmyvoyage.com\/wp-content\/uploads\/2023\/10\/Logo-seul-fond-clair-avec-ombre-portee.png","contentUrl":"https:\/\/greenmyvoyage.com\/wp-content\/uploads\/2023\/10\/Logo-seul-fond-clair-avec-ombre-portee.png","width":710,"height":710,"caption":"Agence \u00c9v\u00e9nementielle \u00e0 Montpellier | S\u00e9minaires Entreprises | Green my Voyage"},"image":{"@id":"https:\/\/greenmyvoyage.com\/#\/schema\/logo\/image\/"}}]}},"_links":{"self":[{"href":"https:\/\/greenmyvoyage.com\/es\/wp-json\/wp\/v2\/pages\/1341","targetHints":{"allow":["GET"]}}],"collection":[{"href":"https:\/\/greenmyvoyage.com\/es\/wp-json\/wp\/v2\/pages"}],"about":[{"href":"https:\/\/greenmyvoyage.com\/es\/wp-json\/wp\/v2\/types\/page"}],"author":[{"embeddable":true,"href":"https:\/\/greenmyvoyage.com\/es\/wp-json\/wp\/v2\/users\/1"}],"replies":[{"embeddable":true,"href":"https:\/\/greenmyvoyage.com\/es\/wp-json\/wp\/v2\/comments?post=1341"}],"version-history":[{"count":37,"href":"https:\/\/greenmyvoyage.com\/es\/wp-json\/wp\/v2\/pages\/1341\/revisions"}],"predecessor-version":[{"id":5062,"href":"https:\/\/greenmyvoyage.com\/es\/wp-json\/wp\/v2\/pages\/1341\/revisions\/5062"}],"wp:attachment":[{"href":"https:\/\/greenmyvoyage.com\/es\/wp-json\/wp\/v2\/media?parent=1341"}],"curies":[{"name":"wp","href":"https:\/\/api.w.org\/{rel}","templated":true}]}}